{"id":1019,"date":"2023-11-15T09:44:25","date_gmt":"2023-11-15T08:44:25","guid":{"rendered":"https:\/\/autoecole-parisouest.com\/?page_id=1019"},"modified":"2023-11-17T19:32:44","modified_gmt":"2023-11-17T18:32:44","slug":"prendre-rendez-vous","status":"publish","type":"page","link":"https:\/\/autoecole-parisouest.com\/index.php\/prendre-rendez-vous\/","title":{"rendered":"RDV Administratif"},"content":{"rendered":"\t\t<div data-elementor-type=\"wp-page\" data-elementor-id=\"1019\" class=\"elementor elementor-1019\">\n\t\t\t\t\t\t<div class=\"elementor-inner\">\n\t\t\t\t<div class=\"elementor-section-wrap\">\n\t\t\t\t\t\t\t\t\t<section class=\"elementor-section elementor-top-section elementor-element elementor-element-c744b35 elementor-section-boxed elementor-section-height-default elementor-section-height-default\" data-id=\"c744b35\" data-element_type=\"section\" data-settings=\"{&quot;background_background&quot;:&quot;classic&quot;}\">\n\t\t\t\t\t\t<div class=\"elementor-container elementor-column-gap-default\">\n\t\t\t\t\t\t\t<div class=\"elementor-row\">\n\t\t\t\t\t<div class=\"elementor-column elementor-col-100 elementor-top-column elementor-element elementor-element-8f35931\" data-id=\"8f35931\" data-element_type=\"column\">\n\t\t\t<div class=\"elementor-column-wrap elementor-element-populated\">\n\t\t\t\t\t\t\t<div class=\"elementor-widget-wrap\">\n\t\t\t\t\t\t<div class=\"elementor-element elementor-element-c610587 elementor-widget elementor-widget-heading\" data-id=\"c610587\" data-element_type=\"widget\" data-widget_type=\"heading.default\">\n\t\t\t\t<div class=\"elementor-widget-container\">\n\t\t\t<h2 class=\"elementor-heading-title elementor-size-large\">Prendre un rendez-vous administratif en ligne<\/h2>\t\t<\/div>\n\t\t\t\t<\/div>\n\t\t\t\t\t\t<\/div>\n\t\t\t\t\t<\/div>\n\t\t<\/div>\n\t\t\t\t\t\t\t\t<\/div>\n\t\t\t\t\t<\/div>\n\t\t<\/section>\n\t\t\t\t<section class=\"elementor-section elementor-top-section elementor-element elementor-element-951844a elementor-section-boxed elementor-section-height-default elementor-section-height-default\" data-id=\"951844a\" data-element_type=\"section\">\n\t\t\t\t\t\t<div class=\"elementor-container elementor-column-gap-default\">\n\t\t\t\t\t\t\t<div class=\"elementor-row\">\n\t\t\t\t\t<div class=\"elementor-column elementor-col-100 elementor-top-column elementor-element elementor-element-a0d0c27\" data-id=\"a0d0c27\" data-element_type=\"column\">\n\t\t\t<div class=\"elementor-column-wrap elementor-element-populated\">\n\t\t\t\t\t\t\t<div class=\"elementor-widget-wrap\">\n\t\t\t\t\t\t<div class=\"elementor-element elementor-element-064bf15 elementor-widget elementor-widget-html\" data-id=\"064bf15\" data-element_type=\"widget\" data-widget_type=\"html.default\">\n\t\t\t\t<div class=\"elementor-widget-container\">\n\t\t\t<!-- D\u00e9but de widget en ligne Calendly -->\r\n<div class=\"calendly-inline-widget\" data-url=\"https:\/\/calendly.com\/autoecoleparisouest92\/30min\" style=\"min-width:320px;height:700px;\"><\/div>\r\n<script type=\"text\/javascript\" src=\"https:\/\/assets.calendly.com\/assets\/external\/widget.js\" async><\/script>\r\n<!-- Fin de widget en ligne Calendly -->\t\t<\/div>\n\t\t\t\t<\/div>\n\t\t\t\t\t\t<\/div>\n\t\t\t\t\t<\/div>\n\t\t<\/div>\n\t\t\t\t\t\t\t\t<\/div>\n\t\t\t\t\t<\/div>\n\t\t<\/section>\n\t\t\t\t<section class=\"elementor-section elementor-top-section elementor-element elementor-element-de32e2d elementor-section-boxed elementor-section-height-default elementor-section-height-default\" data-id=\"de32e2d\" data-element_type=\"section\">\n\t\t\t\t\t\t<div class=\"elementor-container elementor-column-gap-default\">\n\t\t\t\t\t\t\t<div class=\"elementor-row\">\n\t\t\t\t\t<div class=\"elementor-column elementor-col-100 elementor-top-column elementor-element elementor-element-9c66948\" data-id=\"9c66948\" data-element_type=\"column\">\n\t\t\t<div class=\"elementor-column-wrap elementor-element-populated\">\n\t\t\t\t\t\t\t<div class=\"elementor-widget-wrap\">\n\t\t\t\t\t\t<div class=\"elementor-element elementor-element-b0845b9 elementor-widget elementor-widget-heading\" data-id=\"b0845b9\" data-element_type=\"widget\" data-widget_type=\"heading.default\">\n\t\t\t\t<div class=\"elementor-widget-container\">\n\t\t\t<h2 class=\"elementor-heading-title elementor-size-default\">Comment acc\u00e9der \u00e0 l'auto-\u00e9cole ?<\/h2>\t\t<\/div>\n\t\t\t\t<\/div>\n\t\t\t\t\t\t<\/div>\n\t\t\t\t\t<\/div>\n\t\t<\/div>\n\t\t\t\t\t\t\t\t<\/div>\n\t\t\t\t\t<\/div>\n\t\t<\/section>\n\t\t\t\t<section class=\"elementor-section elementor-top-section elementor-element elementor-element-ff8f041 elementor-section-boxed elementor-section-height-default elementor-section-height-default\" data-id=\"ff8f041\" data-element_type=\"section\">\n\t\t\t\t\t\t<div class=\"elementor-container elementor-column-gap-default\">\n\t\t\t\t\t\t\t<div class=\"elementor-row\">\n\t\t\t\t\t<div class=\"elementor-column elementor-col-50 elementor-top-column elementor-element elementor-element-ea97857\" data-id=\"ea97857\" data-element_type=\"column\">\n\t\t\t<div class=\"elementor-column-wrap elementor-element-populated\">\n\t\t\t\t\t\t\t<div class=\"elementor-widget-wrap\">\n\t\t\t\t\t\t<div class=\"elementor-element elementor-element-fbd4b93 elementor-widget elementor-widget-heading\" data-id=\"fbd4b93\" data-element_type=\"widget\" data-widget_type=\"heading.default\">\n\t\t\t\t<div class=\"elementor-widget-container\">\n\t\t\t<h2 class=\"elementor-heading-title elementor-size-default\"><br><br><br><br><br>M\u00e9tro : ligne 13 (arr\u00eat Gabriel P\u00e9ri)<br><br>\nBus : 54, 140, 175, 177, 235, 340 et 577 <br><br>(Gare routi\u00e8re Gabriel P\u00e9ri)<\/h2>\t\t<\/div>\n\t\t\t\t<\/div>\n\t\t\t\t\t\t<\/div>\n\t\t\t\t\t<\/div>\n\t\t<\/div>\n\t\t\t\t<div class=\"elementor-column elementor-col-50 elementor-top-column elementor-element elementor-element-b2b2ad0\" data-id=\"b2b2ad0\" data-element_type=\"column\">\n\t\t\t<div class=\"elementor-column-wrap elementor-element-populated\">\n\t\t\t\t\t\t\t<div class=\"elementor-widget-wrap\">\n\t\t\t\t\t\t<div class=\"elementor-element elementor-element-ad68529 elementor-widget elementor-widget-image\" data-id=\"ad68529\" data-element_type=\"widget\" data-widget_type=\"image.default\">\n\t\t\t\t<div class=\"elementor-widget-container\">\n\t\t\t\t\t\t\t\t<div class=\"elementor-image\">\n\t\t\t\t\t\t\t\t\t\t\t\t<img loading=\"lazy\" decoding=\"async\" width=\"605\" height=\"405\" src=\"https:\/\/autoecole-parisouest.com\/wp-content\/uploads\/2020\/11\/80755433_o-1024x685.jpg\" class=\"attachment-large size-large\" alt=\"\" srcset=\"https:\/\/autoecole-parisouest.com\/wp-content\/uploads\/2020\/11\/80755433_o-1024x685.jpg 1024w, https:\/\/autoecole-parisouest.com\/wp-content\/uploads\/2020\/11\/80755433_o-300x201.jpg 300w, https:\/\/autoecole-parisouest.com\/wp-content\/uploads\/2020\/11\/80755433_o-768x514.jpg 768w, https:\/\/autoecole-parisouest.com\/wp-content\/uploads\/2020\/11\/80755433_o-1536x1028.jpg 1536w, https:\/\/autoecole-parisouest.com\/wp-content\/uploads\/2020\/11\/80755433_o-100x67.jpg 100w, https:\/\/autoecole-parisouest.com\/wp-content\/uploads\/2020\/11\/80755433_o-150x100.jpg 150w, https:\/\/autoecole-parisouest.com\/wp-content\/uploads\/2020\/11\/80755433_o-200x134.jpg 200w, https:\/\/autoecole-parisouest.com\/wp-content\/uploads\/2020\/11\/80755433_o-450x301.jpg 450w, https:\/\/autoecole-parisouest.com\/wp-content\/uploads\/2020\/11\/80755433_o-600x401.jpg 600w, https:\/\/autoecole-parisouest.com\/wp-content\/uploads\/2020\/11\/80755433_o-900x602.jpg 900w, https:\/\/autoecole-parisouest.com\/wp-content\/uploads\/2020\/11\/80755433_o.jpg 2048w\" sizes=\"auto, (max-width: 605px) 100vw, 605px\" \/>\t\t\t\t\t\t\t\t\t\t\t\t\t\t<\/div>\n\t\t\t\t\t\t<\/div>\n\t\t\t\t<\/div>\n\t\t\t\t\t\t<\/div>\n\t\t\t\t\t<\/div>\n\t\t<\/div>\n\t\t\t\t\t\t\t\t<\/div>\n\t\t\t\t\t<\/div>\n\t\t<\/section>\n\t\t\t\t\t\t\t\t\t<\/div>\n\t\t\t<\/div>\n\t\t\t\t\t<\/div>\n\t\t","protected":false},"excerpt":{"rendered":"<p>Prendre un rendez-vous administratif en ligne Comment acc\u00e9der \u00e0 l&rsquo;auto-\u00e9cole ? M\u00e9tro : ligne 13 (arr\u00eat Gabriel P\u00e9ri) Bus : 54, 140, 175, 177, 235, 340 et 577 (Gare routi\u00e8re Gabriel P\u00e9ri)<\/p>\n","protected":false},"author":1,"featured_media":0,"parent":0,"menu_order":0,"comment_status":"closed","ping_status":"closed","template":"elementor_header_footer","meta":{"footnotes":""},"class_list":["post-1019","page","type-page","status-publish","hentry"],"_links":{"self":[{"href":"https:\/\/autoecole-parisouest.com\/index.php\/wp-json\/wp\/v2\/pages\/1019","targetHints":{"allow":["GET"]}}],"collection":[{"href":"https:\/\/autoecole-parisouest.com\/index.php\/wp-json\/wp\/v2\/pages"}],"about":[{"href":"https:\/\/autoecole-parisouest.com\/index.php\/wp-json\/wp\/v2\/types\/page"}],"author":[{"embeddable":true,"href":"https:\/\/autoecole-parisouest.com\/index.php\/wp-json\/wp\/v2\/users\/1"}],"replies":[{"embeddable":true,"href":"https:\/\/autoecole-parisouest.com\/index.php\/wp-json\/wp\/v2\/comments?post=1019"}],"version-history":[{"count":44,"href":"https:\/\/autoecole-parisouest.com\/index.php\/wp-json\/wp\/v2\/pages\/1019\/revisions"}],"predecessor-version":[{"id":1525,"href":"https:\/\/autoecole-parisouest.com\/index.php\/wp-json\/wp\/v2\/pages\/1019\/revisions\/1525"}],"wp:attachment":[{"href":"https:\/\/autoecole-parisouest.com\/index.php\/wp-json\/wp\/v2\/media?parent=1019"}],"curies":[{"name":"wp","href":"https:\/\/api.w.org\/{rel}","templated":true}]}}