{"id":1114,"date":"2023-11-16T14:46:07","date_gmt":"2023-11-16T13:46:07","guid":{"rendered":"https:\/\/autoecole-parisouest.com\/?page_id=1114"},"modified":"2023-11-17T14:05:11","modified_gmt":"2023-11-17T13:05:11","slug":"mentions-legales","status":"publish","type":"page","link":"https:\/\/autoecole-parisouest.com\/index.php\/mentions-legales\/","title":{"rendered":"Mentions l\u00e9gales"},"content":{"rendered":"\t\t<div data-elementor-type=\"wp-page\" data-elementor-id=\"1114\" class=\"elementor elementor-1114\">\n\t\t\t\t\t\t<div class=\"elementor-inner\">\n\t\t\t\t<div class=\"elementor-section-wrap\">\n\t\t\t\t\t\t\t\t\t<section class=\"elementor-section elementor-top-section elementor-element elementor-element-d37bcba elementor-section-boxed elementor-section-height-default elementor-section-height-default\" data-id=\"d37bcba\" data-element_type=\"section\" data-settings=\"{&quot;background_background&quot;:&quot;classic&quot;}\">\n\t\t\t\t\t\t<div class=\"elementor-container elementor-column-gap-default\">\n\t\t\t\t\t\t\t<div class=\"elementor-row\">\n\t\t\t\t\t<div class=\"elementor-column elementor-col-100 elementor-top-column elementor-element elementor-element-a482560\" data-id=\"a482560\" data-element_type=\"column\">\n\t\t\t<div class=\"elementor-column-wrap elementor-element-populated\">\n\t\t\t\t\t\t\t<div class=\"elementor-widget-wrap\">\n\t\t\t\t\t\t<div class=\"elementor-element elementor-element-4617fbb elementor-widget elementor-widget-heading\" data-id=\"4617fbb\" data-element_type=\"widget\" data-widget_type=\"heading.default\">\n\t\t\t\t<div class=\"elementor-widget-container\">\n\t\t\t<h2 class=\"elementor-heading-title elementor-size-xl\">Mentions l\u00e9gales<\/h2>\t\t<\/div>\n\t\t\t\t<\/div>\n\t\t\t\t\t\t<\/div>\n\t\t\t\t\t<\/div>\n\t\t<\/div>\n\t\t\t\t\t\t\t\t<\/div>\n\t\t\t\t\t<\/div>\n\t\t<\/section>\n\t\t\t\t<section class=\"elementor-section elementor-top-section elementor-element elementor-element-8d94d8f elementor-section-boxed elementor-section-height-default elementor-section-height-default\" data-id=\"8d94d8f\" data-element_type=\"section\">\n\t\t\t\t\t\t<div class=\"elementor-container elementor-column-gap-default\">\n\t\t\t\t\t\t\t<div class=\"elementor-row\">\n\t\t\t\t\t<div class=\"elementor-column elementor-col-50 elementor-top-column elementor-element elementor-element-77256c4\" data-id=\"77256c4\" data-element_type=\"column\">\n\t\t\t<div class=\"elementor-column-wrap\">\n\t\t\t\t\t\t\t<div class=\"elementor-widget-wrap\">\n\t\t\t\t\t\t\t\t<\/div>\n\t\t\t\t\t<\/div>\n\t\t<\/div>\n\t\t\t\t<div class=\"elementor-column elementor-col-50 elementor-top-column elementor-element elementor-element-c6648f9\" data-id=\"c6648f9\" data-element_type=\"column\">\n\t\t\t<div class=\"elementor-column-wrap elementor-element-populated\">\n\t\t\t\t\t\t\t<div class=\"elementor-widget-wrap\">\n\t\t\t\t\t\t<div class=\"elementor-element elementor-element-628df34 elementor-widget elementor-widget-text-editor\" data-id=\"628df34\" data-element_type=\"widget\" data-widget_type=\"text-editor.default\">\n\t\t\t\t<div class=\"elementor-widget-container\">\n\t\t\t\t\t\t\t\t<div class=\"elementor-text-editor elementor-clearfix\">\n\t\t\t\t<p><\/p>\n<h1><span style=\"font-size: 26px; font-weight: bold; text-transform: inherit;\">1. Publication du site Web<\/span><\/h1>\n<h3><span style=\"font-weight: normal;\">Conform\u00e9ment \u00e0 l&rsquo;article 6 de la loi n\u00b0 2004-575 du 21 juin 2004 pour la confiance dans l&rsquo;\u00e9conomie num\u00e9rique, les utilisateurs du site internet https:\/\/autoecole-parisouest.com\/ sont inform\u00e9s de l&rsquo;identit\u00e9 des diff\u00e9rents intervenants impliqu\u00e9s dans la r\u00e9alisation et le suivi de cette initiative.<\/span><\/h3>\n<h3><ul><li><span style=\"font-weight: normal;\">Mustapha AISS<u>I<\/u>OUI est le propri\u00e9taire du site Web.&nbsp;<\/span><\/li><\/ul><ul><li><span style=\"font-weight: normal;\">Adresse de correspondance : autoecoleparisouest92@gmail.com&nbsp;<\/span><\/li><\/ul><ul><li><span style=\"font-weight: normal;\">Le num\u00e9ro de t\u00e9l\u00e9phone est le 01 47 91 12 20,&nbsp;<\/span><\/li><\/ul><ul><li><span style=\"font-weight: normal;\">Et l&rsquo;adresse postale est le 9 Rue des Bas \u00e0 Asni\u00e8res sur Seine.<\/span><\/li><\/ul><ul><li><span style=\"font-weight: normal;\">L&rsquo;entreprise est une SARL avec un capital social de 7 622,45\u20ac.<\/span><\/li><\/ul><ul><li><span style=\"font-weight: normal;\">Le num\u00e9ro de soci\u00e9t\u00e9 SIREN : 349 266 833 R.C.S. Nanterre a \u00e9t\u00e9 immatricul\u00e9 le 31\/01\/1989.&nbsp;&nbsp;<\/span><\/li><\/ul><ul><li><span style=\"font-weight: normal;\">Le num\u00e9ro de t\u00e9l\u00e9phone est le 9 Rue des Bas \u00e0 Asni\u00e8res sur Seine.<\/span><\/li><\/ul><ul><li><span style=\"font-weight: normal;\">Mustapha AISSIOUI est le directeur de la publication.<\/span><\/li><\/ul><\/h3>\n<h3><span style=\"font-weight: normal;\">Le prestataire de services (h\u00e9bergeur) : H\u00e9bergeur : OVH SAS \u2013 2 rue Kellermann \u2013 BP 80157 \u2013 59053 Roubaix Cedex 1<\/span><\/h3>\n<h2>2. Contraintes de propri\u00e9t\u00e9 intellectuelle et contrefa\u00e7ons<\/h2>\n<h3><span style=\"font-weight: normal;\">Les droits de propri\u00e9t\u00e9 intellectuelle sur tous les \u00e9l\u00e9ments pr\u00e9sents sur le site internet, tels que les textes, les images, les graphismes, les logos, les vid\u00e9os, l&rsquo;architecture, les ic\u00f4nes et les sons, sont d\u00e9tenus par Mustapha AISSIOUI.<\/span><\/h3>\n<h3><span style=\"font-weight: normal;\">Il est interdit de reproduire, de repr\u00e9senter, de modifier, de publier ou d&rsquo;adapter n&rsquo;importe quel \u00e9l\u00e9ment du site sans l&rsquo;autorisation \u00e9crite pr\u00e9alable de Mustapha AISSIOUI.<\/span><\/h3>\n<h3><span style=\"font-weight: normal;\"><br>Les dispositions des articles L.335-2 et suivants du Code de Propri\u00e9t\u00e9 Intellectuelle s&rsquo;appliquent \u00e0 toute exploitation non autoris\u00e9e du site Web ou de l&rsquo;un des \u00e9l\u00e9ments qu&rsquo;il contient.<\/span><\/h3>\n<h2>3. Limitations de Responsabilit\u00e9 :<\/h2>\n<h3><span style=\"font-weight: normal;\">Mustapha AISSIOUI ne peut \u00eatre tenu responsable des dommages directs et indirects caus\u00e9s au mat\u00e9riel de l&rsquo;utilisateur lors de l&rsquo;utilisation de https:\/\/autoecole-parisouest.com\/<\/span><\/h3>\n<h3><span style=\"font-weight: normal;\"><br>Mustapha AISSIOUI d\u00e9cline toute responsabilit\u00e9 pour toute utilisation des informations et contenus disponibles sur https : https:\/\/autoecole-parisouest.com\/<\/span><\/h3>\n<h3><span style=\"font-weight: normal;\"><br>Mustapha AISSIOUI s&rsquo;efforce de prot\u00e9ger au mieux le site https:\/\/autoecole-parisouest.com\/, mais il ne peut \u00eatre tenu responsable si des donn\u00e9es ind\u00e9sirables sont import\u00e9es et install\u00e9es sur son site \u00e0 son insu.<\/span><\/h3>\n<h3><span style=\"font-weight: normal;\"><br>Les utilisateurs peuvent acc\u00e9der \u00e0 des espaces interactifs qui incluent des espaces de contact ou de commentaires. Il est de la responsabilit\u00e9 de Mustapha AISSIOUI de retirer sans pr\u00e9avis tout contenu pr\u00e9sent dans cette plateforme qui violerait les lois fran\u00e7aises en mati\u00e8re de protection des donn\u00e9es.<\/span><\/h3>\n<h3><span style=\"font-weight: normal;\"><br>Mustapha AISSIOUI se r\u00e9serve la possibilit\u00e9 de mettre en cause la responsabilit\u00e9 civile et\/ou p\u00e9nale de l&rsquo;utilisateur en cas de message raciste, injurieux, diffamant ou pornographique, quel que soit le support utilis\u00e9 (texte, photo).<\/span><\/h3>\n<h2>4. Gestion des donn\u00e9es personnelles et CNIL.<\/h2>\n<h3><span style=\"font-weight: normal;\">L&rsquo;utilisateur du site Web https:\/\/autoecole-parisouest.com\/ a le droit d&rsquo;acc\u00e9der, de modifier et de supprimer les informations collect\u00e9es, conform\u00e9ment aux dispositions de la loi 78-17 du 6 janvier 1978 modifi\u00e9e. Vous pouvez exercer ce droit en \u00e9crivant \u00e0 notre D\u00e9l\u00e9gu\u00e9 \u00e0 la Protection des Donn\u00e9es.<\/span><\/h3>\n<h3><span style=\"font-weight: normal;\"><br>Voir notre article sur https:\/\/autoecole-parisouest.com\/RGPD pour plus d&rsquo;informations sur la fa\u00e7on dont nous traitons vos donn\u00e9es (type de donn\u00e9es, finalit\u00e9, destinataire&#8230;).<\/span><\/h3>\n<h2>5. Cookies et liens hypertextes<\/h2>\n<h3><span style=\"font-weight: normal;\">Le site https:\/\/autoecole-parisouest.com\/ peut contenir des liens hypertextes vers d&rsquo;autres sites, et https:\/\/autoecole-parisouest.com\/ ne peut \u00eatre tenue responsable de ces liens externes ou des liens vers https:\/\/autoecole-parisouest.com\/ par d&rsquo;autres sites.<\/span><\/h3>\n<h3><span style=\"font-weight: normal;\"><br>Il est possible que des cookies soient install\u00e9s sur l&rsquo;ordinateur de l&rsquo;utilisateur lors de la navigation sur https:\/\/autoecole-parisouest.com\/<\/span><\/h3>\n<h3><span style=\"font-weight: normal;\"><br>Un \u00ab\u00a0cookie\u00a0\u00bb est un petit fichier qui enregistre des informations sur la navigation d&rsquo;un utilisateur sur un site Web. Les mesures de fr\u00e9quentation peuvent \u00eatre obtenues \u00e0 partir de ces donn\u00e9es, par exemple.<br>En modifiant les param\u00e8tres de votre navigateur, vous avez la possibilit\u00e9 d&rsquo;accepter ou de refuser les cookies. Sans votre consentement, aucun cookie ne sera d\u00e9pos\u00e9.<\/span><\/h3>\n<h3><span style=\"font-weight: normal;\"><br>Les cookies restent enregistr\u00e9s pendant au moins un mois.<br>Pour en savoir plus sur notre utilisation des cookies, visitez notre site Web : https:\/\/autoecole-parisouest.fr\/RGPD<\/span>.<\/h3>\n<h2>6. Droit applicable et attribution de juridiction<\/h2>\n<h3><span style=\"font-weight: normal;\">Le droit fran\u00e7ais s&rsquo;applique \u00e0 toute action en justice concernant l&rsquo;utilisation du site Web https:\/\/autoecole-parisouest.com\/. En dehors des cas o\u00f9 cela n&rsquo;est pas autoris\u00e9 par la loi, la juridiction est exclusivement attribu\u00e9e aux tribunaux comp\u00e9tents de Nanterre (Tribunal de commerce).<\/span><\/h3>\n<p><\/p>\t\t\t\t\t<\/div>\n\t\t\t\t\t\t<\/div>\n\t\t\t\t<\/div>\n\t\t\t\t\t\t<\/div>\n\t\t\t\t\t<\/div>\n\t\t<\/div>\n\t\t\t\t\t\t\t\t<\/div>\n\t\t\t\t\t<\/div>\n\t\t<\/section>\n\t\t\t\t\t\t\t\t\t<\/div>\n\t\t\t<\/div>\n\t\t\t\t\t<\/div>\n\t\t","protected":false},"excerpt":{"rendered":"<p>Mentions l\u00e9gales 1. Publication du site Web Conform\u00e9ment \u00e0 l&rsquo;article 6 de la loi n\u00b0 2004-575 du 21 juin 2004 pour la confiance dans l&rsquo;\u00e9conomie num\u00e9rique, les utilisateurs du site internet https:\/\/autoecole-parisouest.com\/ sont inform\u00e9s de l&rsquo;identit\u00e9 des diff\u00e9rents intervenants impliqu\u00e9s &hellip;<\/p>\n<p class=\"read-more\"> <a class=\"more-link\" href=\"https:\/\/autoecole-parisouest.com\/index.php\/mentions-legales\/\"> <span class=\"screen-reader-text\">Mentions l\u00e9gales<\/span> Read More &raquo;<\/a><\/p>\n","protected":false},"author":1,"featured_media":0,"parent":0,"menu_order":0,"comment_status":"closed","ping_status":"closed","template":"elementor_header_footer","meta":{"footnotes":""},"class_list":["post-1114","page","type-page","status-publish","hentry"],"_links":{"self":[{"href":"https:\/\/autoecole-parisouest.com\/index.php\/wp-json\/wp\/v2\/pages\/1114","targetHints":{"allow":["GET"]}}],"collection":[{"href":"https:\/\/autoecole-parisouest.com\/index.php\/wp-json\/wp\/v2\/pages"}],"about":[{"href":"https:\/\/autoecole-parisouest.com\/index.php\/wp-json\/wp\/v2\/types\/page"}],"author":[{"embeddable":true,"href":"https:\/\/autoecole-parisouest.com\/index.php\/wp-json\/wp\/v2\/users\/1"}],"replies":[{"embeddable":true,"href":"https:\/\/autoecole-parisouest.com\/index.php\/wp-json\/wp\/v2\/comments?post=1114"}],"version-history":[{"count":16,"href":"https:\/\/autoecole-parisouest.com\/index.php\/wp-json\/wp\/v2\/pages\/1114\/revisions"}],"predecessor-version":[{"id":1460,"href":"https:\/\/autoecole-parisouest.com\/index.php\/wp-json\/wp\/v2\/pages\/1114\/revisions\/1460"}],"wp:attachment":[{"href":"https:\/\/autoecole-parisouest.com\/index.php\/wp-json\/wp\/v2\/media?parent=1114"}],"curies":[{"name":"wp","href":"https:\/\/api.w.org\/{rel}","templated":true}]}}