{"id":880,"date":"2023-11-14T22:13:26","date_gmt":"2023-11-14T21:13:26","guid":{"rendered":"https:\/\/autoecole-parisouest.com\/?page_id=880"},"modified":"2024-11-24T20:06:59","modified_gmt":"2024-11-24T19:06:59","slug":"label","status":"publish","type":"page","link":"https:\/\/autoecole-parisouest.com\/index.php\/label\/","title":{"rendered":"D\u00e9marche Qualit\u00e9"},"content":{"rendered":"\t\t<div data-elementor-type=\"wp-post\" data-elementor-id=\"880\" class=\"elementor elementor-880\">\n\t\t\t\t\t\t<div class=\"elementor-inner\">\n\t\t\t\t<div class=\"elementor-section-wrap\">\n\t\t\t\t\t\t\t\t\t<section class=\"elementor-section elementor-top-section elementor-element elementor-element-49a92b6 elementor-section-boxed elementor-section-height-default elementor-section-height-default\" data-id=\"49a92b6\" data-element_type=\"section\" data-settings=\"{&quot;background_background&quot;:&quot;classic&quot;}\">\n\t\t\t\t\t\t<div class=\"elementor-container elementor-column-gap-default\">\n\t\t\t\t\t\t\t<div class=\"elementor-row\">\n\t\t\t\t\t<div class=\"elementor-column elementor-col-100 elementor-top-column elementor-element elementor-element-ef70fac\" data-id=\"ef70fac\" data-element_type=\"column\">\n\t\t\t<div class=\"elementor-column-wrap elementor-element-populated\">\n\t\t\t\t\t\t\t<div class=\"elementor-widget-wrap\">\n\t\t\t\t\t\t<div class=\"elementor-element elementor-element-ba268b9 elementor-widget elementor-widget-heading\" data-id=\"ba268b9\" data-element_type=\"widget\" data-widget_type=\"heading.default\">\n\t\t\t\t<div class=\"elementor-widget-container\">\n\t\t\t<h2 class=\"elementor-heading-title elementor-size-large\">D\u00e9marche qualit\u00e9<\/h2>\t\t<\/div>\n\t\t\t\t<\/div>\n\t\t\t\t\t\t<\/div>\n\t\t\t\t\t<\/div>\n\t\t<\/div>\n\t\t\t\t\t\t\t\t<\/div>\n\t\t\t\t\t<\/div>\n\t\t<\/section>\n\t\t\t\t<section class=\"elementor-section elementor-top-section elementor-element elementor-element-8f3392b elementor-section-boxed elementor-section-height-default elementor-section-height-default\" data-id=\"8f3392b\" data-element_type=\"section\">\n\t\t\t\t\t\t<div class=\"elementor-container elementor-column-gap-default\">\n\t\t\t\t\t\t\t<div class=\"elementor-row\">\n\t\t\t\t\t<div class=\"elementor-column elementor-col-33 elementor-top-column elementor-element elementor-element-0cc0809\" data-id=\"0cc0809\" data-element_type=\"column\">\n\t\t\t<div class=\"elementor-column-wrap elementor-element-populated\">\n\t\t\t\t\t\t\t<div class=\"elementor-widget-wrap\">\n\t\t\t\t\t\t<div class=\"elementor-element elementor-element-88686bd elementor-widget elementor-widget-image\" data-id=\"88686bd\" data-element_type=\"widget\" data-widget_type=\"image.default\">\n\t\t\t\t<div class=\"elementor-widget-container\">\n\t\t\t\t\t\t\t\t<div class=\"elementor-image\">\n\t\t\t\t\t\t\t\t\t\t\t\t<img loading=\"lazy\" decoding=\"async\" width=\"600\" height=\"573\" src=\"https:\/\/autoecole-parisouest.com\/wp-content\/uploads\/2023\/11\/ECOLE-CONDUITE-QUALITE-600x573-1.png\" class=\"attachment-responsive-600 size-responsive-600\" alt=\"\" srcset=\"https:\/\/autoecole-parisouest.com\/wp-content\/uploads\/2023\/11\/ECOLE-CONDUITE-QUALITE-600x573-1.png 600w, https:\/\/autoecole-parisouest.com\/wp-content\/uploads\/2023\/11\/ECOLE-CONDUITE-QUALITE-600x573-1-300x287.png 300w, https:\/\/autoecole-parisouest.com\/wp-content\/uploads\/2023\/11\/ECOLE-CONDUITE-QUALITE-600x573-1-100x96.png 100w, https:\/\/autoecole-parisouest.com\/wp-content\/uploads\/2023\/11\/ECOLE-CONDUITE-QUALITE-600x573-1-150x143.png 150w, https:\/\/autoecole-parisouest.com\/wp-content\/uploads\/2023\/11\/ECOLE-CONDUITE-QUALITE-600x573-1-200x191.png 200w, https:\/\/autoecole-parisouest.com\/wp-content\/uploads\/2023\/11\/ECOLE-CONDUITE-QUALITE-600x573-1-450x430.png 450w\" sizes=\"auto, (max-width: 600px) 100vw, 600px\" \/>\t\t\t\t\t\t\t\t\t\t\t\t\t\t<\/div>\n\t\t\t\t\t\t<\/div>\n\t\t\t\t<\/div>\n\t\t\t\t\t\t<\/div>\n\t\t\t\t\t<\/div>\n\t\t<\/div>\n\t\t\t\t<div class=\"elementor-column elementor-col-66 elementor-top-column elementor-element elementor-element-1fa1b84\" data-id=\"1fa1b84\" data-element_type=\"column\">\n\t\t\t<div class=\"elementor-column-wrap elementor-element-populated\">\n\t\t\t\t\t\t\t<div class=\"elementor-widget-wrap\">\n\t\t\t\t\t\t<div class=\"elementor-element elementor-element-d0e304a elementor-align-left elementor-icon-list--layout-traditional elementor-list-item-link-full_width elementor-widget elementor-widget-icon-list\" data-id=\"d0e304a\" data-element_type=\"widget\" data-widget_type=\"icon-list.default\">\n\t\t\t\t<div class=\"elementor-widget-container\">\n\t\t\t\t\t<ul class=\"elementor-icon-list-items\">\n\t\t\t\t\t\t\t<li class=\"elementor-icon-list-item\">\n\t\t\t\t\t\t\t\t\t\t\t<a href=\"https:\/\/autoecole-parisouest.com\/wp-content\/uploads\/2023\/11\/1.Les-enjeux-de-la-formation.pdf\">\n\n\t\t\t\t\t\t\t\t\t\t\t\t<span class=\"elementor-icon-list-icon\">\n\t\t\t\t\t\t\t<svg xmlns=\"http:\/\/www.w3.org\/2000\/svg\" width=\"800px\" height=\"800px\" viewBox=\"0 0 56 64\" xml:space=\"preserve\"><g>\t<path fill=\"#8C181A\" d=\"M5.1,0C2.3,0,0,2.3,0,5.1v53.8C0,61.7,2.3,64,5.1,64h45.8c2.8,0,5.1-2.3,5.1-5.1V20.3L37.1,0H5.1z\"><\/path>\t<path fill=\"#6B0D12\" d=\"M56,20.4v1H43.2c0,0-6.3-1.3-6.1-6.7c0,0,0.2,5.7,6,5.7H56z\"><\/path>\t<path opacity=\"0.5\" fill=\"#FFFFFF\" d=\"M37.1,0v14.6c0,1.7,1.1,5.8,6.1,5.8H56L37.1,0z\"><\/path><\/g><path fill=\"#FFFFFF\" d=\"M14.9,49h-3.3v4.1c0,0.4-0.3,0.7-0.8,0.7c-0.4,0-0.7-0.3-0.7-0.7V42.9c0-0.6,0.5-1.1,1.1-1.1h3.7 c2.4,0,3.8,1.7,3.8,3.6C18.7,47.4,17.3,49,14.9,49z M14.8,43.1h-3.2v4.6h3.2c1.4,0,2.4-0.9,2.4-2.3C17.2,44,16.2,43.1,14.8,43.1z  M25.2,53.8h-3c-0.6,0-1.1-0.5-1.1-1.1v-9.8c0-0.6,0.5-1.1,1.1-1.1h3c3.7,0,6.2,2.6,6.2,6C31.4,51.2,29,53.8,25.2,53.8z M25.2,43.1 h-2.6v9.3h2.6c2.9,0,4.6-2.1,4.6-4.7C29.9,45.2,28.2,43.1,25.2,43.1z M41.5,43.1h-5.8V47h5.7c0.4,0,0.6,0.3,0.6,0.7 s-0.3,0.6-0.6,0.6h-5.7v4.8c0,0.4-0.3,0.7-0.8,0.7c-0.4,0-0.7-0.3-0.7-0.7V42.9c0-0.6,0.5-1.1,1.1-1.1h6.2c0.4,0,0.6,0.3,0.6,0.7 C42.2,42.8,41.9,43.1,41.5,43.1z\"><\/path><\/svg>\t\t\t\t\t\t<\/span>\n\t\t\t\t\t\t\t\t\t\t<span class=\"elementor-icon-list-text\">Les enjeux de la formation<\/span>\n\t\t\t\t\t\t\t\t\t\t\t<\/a>\n\t\t\t\t\t\t\t\t\t<\/li>\n\t\t\t\t\t\t\t\t<li class=\"elementor-icon-list-item\">\n\t\t\t\t\t\t\t\t\t\t\t<a href=\"https:\/\/autoecole-parisouest.com\/wp-content\/uploads\/2023\/11\/2.Reglement-interieur.pdf\">\n\n\t\t\t\t\t\t\t\t\t\t\t\t<span class=\"elementor-icon-list-icon\">\n\t\t\t\t\t\t\t<svg xmlns=\"http:\/\/www.w3.org\/2000\/svg\" width=\"800px\" height=\"800px\" viewBox=\"0 0 56 64\" xml:space=\"preserve\"><g>\t<path fill=\"#8C181A\" d=\"M5.1,0C2.3,0,0,2.3,0,5.1v53.8C0,61.7,2.3,64,5.1,64h45.8c2.8,0,5.1-2.3,5.1-5.1V20.3L37.1,0H5.1z\"><\/path>\t<path fill=\"#6B0D12\" d=\"M56,20.4v1H43.2c0,0-6.3-1.3-6.1-6.7c0,0,0.2,5.7,6,5.7H56z\"><\/path>\t<path opacity=\"0.5\" fill=\"#FFFFFF\" d=\"M37.1,0v14.6c0,1.7,1.1,5.8,6.1,5.8H56L37.1,0z\"><\/path><\/g><path fill=\"#FFFFFF\" d=\"M14.9,49h-3.3v4.1c0,0.4-0.3,0.7-0.8,0.7c-0.4,0-0.7-0.3-0.7-0.7V42.9c0-0.6,0.5-1.1,1.1-1.1h3.7 c2.4,0,3.8,1.7,3.8,3.6C18.7,47.4,17.3,49,14.9,49z M14.8,43.1h-3.2v4.6h3.2c1.4,0,2.4-0.9,2.4-2.3C17.2,44,16.2,43.1,14.8,43.1z  M25.2,53.8h-3c-0.6,0-1.1-0.5-1.1-1.1v-9.8c0-0.6,0.5-1.1,1.1-1.1h3c3.7,0,6.2,2.6,6.2,6C31.4,51.2,29,53.8,25.2,53.8z M25.2,43.1 h-2.6v9.3h2.6c2.9,0,4.6-2.1,4.6-4.7C29.9,45.2,28.2,43.1,25.2,43.1z M41.5,43.1h-5.8V47h5.7c0.4,0,0.6,0.3,0.6,0.7 s-0.3,0.6-0.6,0.6h-5.7v4.8c0,0.4-0.3,0.7-0.8,0.7c-0.4,0-0.7-0.3-0.7-0.7V42.9c0-0.6,0.5-1.1,1.1-1.1h6.2c0.4,0,0.6,0.3,0.6,0.7 C42.2,42.8,41.9,43.1,41.5,43.1z\"><\/path><\/svg>\t\t\t\t\t\t<\/span>\n\t\t\t\t\t\t\t\t\t\t<span class=\"elementor-icon-list-text\">R\u00e8glement int\u00e9rieur<\/span>\n\t\t\t\t\t\t\t\t\t\t\t<\/a>\n\t\t\t\t\t\t\t\t\t<\/li>\n\t\t\t\t\t\t\t\t<li class=\"elementor-icon-list-item\">\n\t\t\t\t\t\t\t\t\t\t\t<a href=\"https:\/\/autoecole-parisouest.com\/wp-content\/uploads\/2023\/11\/5.Nos-engagements.pdf\">\n\n\t\t\t\t\t\t\t\t\t\t\t\t<span class=\"elementor-icon-list-icon\">\n\t\t\t\t\t\t\t<svg xmlns=\"http:\/\/www.w3.org\/2000\/svg\" width=\"800px\" height=\"800px\" viewBox=\"0 0 56 64\" xml:space=\"preserve\"><g>\t<path fill=\"#8C181A\" d=\"M5.1,0C2.3,0,0,2.3,0,5.1v53.8C0,61.7,2.3,64,5.1,64h45.8c2.8,0,5.1-2.3,5.1-5.1V20.3L37.1,0H5.1z\"><\/path>\t<path fill=\"#6B0D12\" d=\"M56,20.4v1H43.2c0,0-6.3-1.3-6.1-6.7c0,0,0.2,5.7,6,5.7H56z\"><\/path>\t<path opacity=\"0.5\" fill=\"#FFFFFF\" d=\"M37.1,0v14.6c0,1.7,1.1,5.8,6.1,5.8H56L37.1,0z\"><\/path><\/g><path fill=\"#FFFFFF\" d=\"M14.9,49h-3.3v4.1c0,0.4-0.3,0.7-0.8,0.7c-0.4,0-0.7-0.3-0.7-0.7V42.9c0-0.6,0.5-1.1,1.1-1.1h3.7 c2.4,0,3.8,1.7,3.8,3.6C18.7,47.4,17.3,49,14.9,49z M14.8,43.1h-3.2v4.6h3.2c1.4,0,2.4-0.9,2.4-2.3C17.2,44,16.2,43.1,14.8,43.1z  M25.2,53.8h-3c-0.6,0-1.1-0.5-1.1-1.1v-9.8c0-0.6,0.5-1.1,1.1-1.1h3c3.7,0,6.2,2.6,6.2,6C31.4,51.2,29,53.8,25.2,53.8z M25.2,43.1 h-2.6v9.3h2.6c2.9,0,4.6-2.1,4.6-4.7C29.9,45.2,28.2,43.1,25.2,43.1z M41.5,43.1h-5.8V47h5.7c0.4,0,0.6,0.3,0.6,0.7 s-0.3,0.6-0.6,0.6h-5.7v4.8c0,0.4-0.3,0.7-0.8,0.7c-0.4,0-0.7-0.3-0.7-0.7V42.9c0-0.6,0.5-1.1,1.1-1.1h6.2c0.4,0,0.6,0.3,0.6,0.7 C42.2,42.8,41.9,43.1,41.5,43.1z\"><\/path><\/svg>\t\t\t\t\t\t<\/span>\n\t\t\t\t\t\t\t\t\t\t<span class=\"elementor-icon-list-text\">Nos engagements<\/span>\n\t\t\t\t\t\t\t\t\t\t\t<\/a>\n\t\t\t\t\t\t\t\t\t<\/li>\n\t\t\t\t\t\t\t\t<li class=\"elementor-icon-list-item\">\n\t\t\t\t\t\t\t\t\t\t\t<a href=\"https:\/\/autoecole-parisouest.com\/wp-content\/uploads\/2023\/11\/La-formation-post-permis-de-conduire.pdf\">\n\n\t\t\t\t\t\t\t\t\t\t\t\t<span class=\"elementor-icon-list-icon\">\n\t\t\t\t\t\t\t<svg xmlns=\"http:\/\/www.w3.org\/2000\/svg\" width=\"800px\" height=\"800px\" viewBox=\"0 0 56 64\" xml:space=\"preserve\"><g>\t<path fill=\"#8C181A\" d=\"M5.1,0C2.3,0,0,2.3,0,5.1v53.8C0,61.7,2.3,64,5.1,64h45.8c2.8,0,5.1-2.3,5.1-5.1V20.3L37.1,0H5.1z\"><\/path>\t<path fill=\"#6B0D12\" d=\"M56,20.4v1H43.2c0,0-6.3-1.3-6.1-6.7c0,0,0.2,5.7,6,5.7H56z\"><\/path>\t<path opacity=\"0.5\" fill=\"#FFFFFF\" d=\"M37.1,0v14.6c0,1.7,1.1,5.8,6.1,5.8H56L37.1,0z\"><\/path><\/g><path fill=\"#FFFFFF\" d=\"M14.9,49h-3.3v4.1c0,0.4-0.3,0.7-0.8,0.7c-0.4,0-0.7-0.3-0.7-0.7V42.9c0-0.6,0.5-1.1,1.1-1.1h3.7 c2.4,0,3.8,1.7,3.8,3.6C18.7,47.4,17.3,49,14.9,49z M14.8,43.1h-3.2v4.6h3.2c1.4,0,2.4-0.9,2.4-2.3C17.2,44,16.2,43.1,14.8,43.1z  M25.2,53.8h-3c-0.6,0-1.1-0.5-1.1-1.1v-9.8c0-0.6,0.5-1.1,1.1-1.1h3c3.7,0,6.2,2.6,6.2,6C31.4,51.2,29,53.8,25.2,53.8z M25.2,43.1 h-2.6v9.3h2.6c2.9,0,4.6-2.1,4.6-4.7C29.9,45.2,28.2,43.1,25.2,43.1z M41.5,43.1h-5.8V47h5.7c0.4,0,0.6,0.3,0.6,0.7 s-0.3,0.6-0.6,0.6h-5.7v4.8c0,0.4-0.3,0.7-0.8,0.7c-0.4,0-0.7-0.3-0.7-0.7V42.9c0-0.6,0.5-1.1,1.1-1.1h6.2c0.4,0,0.6,0.3,0.6,0.7 C42.2,42.8,41.9,43.1,41.5,43.1z\"><\/path><\/svg>\t\t\t\t\t\t<\/span>\n\t\t\t\t\t\t\t\t\t\t<span class=\"elementor-icon-list-text\">Le RDV post-permis<\/span>\n\t\t\t\t\t\t\t\t\t\t\t<\/a>\n\t\t\t\t\t\t\t\t\t<\/li>\n\t\t\t\t\t\t\t\t<li class=\"elementor-icon-list-item\">\n\t\t\t\t\t\t\t\t\t\t\t<a href=\"https:\/\/autoecole-parisouest.com\/wp-content\/uploads\/2023\/11\/3.Lapprentisage-anticipe-de-la-conduite.pdf\">\n\n\t\t\t\t\t\t\t\t\t\t\t\t<span class=\"elementor-icon-list-icon\">\n\t\t\t\t\t\t\t<svg xmlns=\"http:\/\/www.w3.org\/2000\/svg\" width=\"800px\" height=\"800px\" viewBox=\"0 0 56 64\" xml:space=\"preserve\"><g>\t<path fill=\"#8C181A\" d=\"M5.1,0C2.3,0,0,2.3,0,5.1v53.8C0,61.7,2.3,64,5.1,64h45.8c2.8,0,5.1-2.3,5.1-5.1V20.3L37.1,0H5.1z\"><\/path>\t<path fill=\"#6B0D12\" d=\"M56,20.4v1H43.2c0,0-6.3-1.3-6.1-6.7c0,0,0.2,5.7,6,5.7H56z\"><\/path>\t<path opacity=\"0.5\" fill=\"#FFFFFF\" d=\"M37.1,0v14.6c0,1.7,1.1,5.8,6.1,5.8H56L37.1,0z\"><\/path><\/g><path fill=\"#FFFFFF\" d=\"M14.9,49h-3.3v4.1c0,0.4-0.3,0.7-0.8,0.7c-0.4,0-0.7-0.3-0.7-0.7V42.9c0-0.6,0.5-1.1,1.1-1.1h3.7 c2.4,0,3.8,1.7,3.8,3.6C18.7,47.4,17.3,49,14.9,49z M14.8,43.1h-3.2v4.6h3.2c1.4,0,2.4-0.9,2.4-2.3C17.2,44,16.2,43.1,14.8,43.1z  M25.2,53.8h-3c-0.6,0-1.1-0.5-1.1-1.1v-9.8c0-0.6,0.5-1.1,1.1-1.1h3c3.7,0,6.2,2.6,6.2,6C31.4,51.2,29,53.8,25.2,53.8z M25.2,43.1 h-2.6v9.3h2.6c2.9,0,4.6-2.1,4.6-4.7C29.9,45.2,28.2,43.1,25.2,43.1z M41.5,43.1h-5.8V47h5.7c0.4,0,0.6,0.3,0.6,0.7 s-0.3,0.6-0.6,0.6h-5.7v4.8c0,0.4-0.3,0.7-0.8,0.7c-0.4,0-0.7-0.3-0.7-0.7V42.9c0-0.6,0.5-1.1,1.1-1.1h6.2c0.4,0,0.6,0.3,0.6,0.7 C42.2,42.8,41.9,43.1,41.5,43.1z\"><\/path><\/svg>\t\t\t\t\t\t<\/span>\n\t\t\t\t\t\t\t\t\t\t<span class=\"elementor-icon-list-text\">L\u2019apprentissage anticipe\u0301 de la conduite<\/span>\n\t\t\t\t\t\t\t\t\t\t\t<\/a>\n\t\t\t\t\t\t\t\t\t<\/li>\n\t\t\t\t\t\t\t\t<li class=\"elementor-icon-list-item\">\n\t\t\t\t\t\t\t\t\t\t\t<a href=\"https:\/\/autoecole-parisouest.com\/wp-content\/uploads\/2023\/11\/4-La-conduite-supervisee.pdf\">\n\n\t\t\t\t\t\t\t\t\t\t\t\t<span class=\"elementor-icon-list-icon\">\n\t\t\t\t\t\t\t<svg xmlns=\"http:\/\/www.w3.org\/2000\/svg\" width=\"800px\" height=\"800px\" viewBox=\"0 0 56 64\" xml:space=\"preserve\"><g>\t<path fill=\"#8C181A\" d=\"M5.1,0C2.3,0,0,2.3,0,5.1v53.8C0,61.7,2.3,64,5.1,64h45.8c2.8,0,5.1-2.3,5.1-5.1V20.3L37.1,0H5.1z\"><\/path>\t<path fill=\"#6B0D12\" d=\"M56,20.4v1H43.2c0,0-6.3-1.3-6.1-6.7c0,0,0.2,5.7,6,5.7H56z\"><\/path>\t<path opacity=\"0.5\" fill=\"#FFFFFF\" d=\"M37.1,0v14.6c0,1.7,1.1,5.8,6.1,5.8H56L37.1,0z\"><\/path><\/g><path fill=\"#FFFFFF\" d=\"M14.9,49h-3.3v4.1c0,0.4-0.3,0.7-0.8,0.7c-0.4,0-0.7-0.3-0.7-0.7V42.9c0-0.6,0.5-1.1,1.1-1.1h3.7 c2.4,0,3.8,1.7,3.8,3.6C18.7,47.4,17.3,49,14.9,49z M14.8,43.1h-3.2v4.6h3.2c1.4,0,2.4-0.9,2.4-2.3C17.2,44,16.2,43.1,14.8,43.1z  M25.2,53.8h-3c-0.6,0-1.1-0.5-1.1-1.1v-9.8c0-0.6,0.5-1.1,1.1-1.1h3c3.7,0,6.2,2.6,6.2,6C31.4,51.2,29,53.8,25.2,53.8z M25.2,43.1 h-2.6v9.3h2.6c2.9,0,4.6-2.1,4.6-4.7C29.9,45.2,28.2,43.1,25.2,43.1z M41.5,43.1h-5.8V47h5.7c0.4,0,0.6,0.3,0.6,0.7 s-0.3,0.6-0.6,0.6h-5.7v4.8c0,0.4-0.3,0.7-0.8,0.7c-0.4,0-0.7-0.3-0.7-0.7V42.9c0-0.6,0.5-1.1,1.1-1.1h6.2c0.4,0,0.6,0.3,0.6,0.7 C42.2,42.8,41.9,43.1,41.5,43.1z\"><\/path><\/svg>\t\t\t\t\t\t<\/span>\n\t\t\t\t\t\t\t\t\t\t<span class=\"elementor-icon-list-text\">La conduite supervise\u0301e<\/span>\n\t\t\t\t\t\t\t\t\t\t\t<\/a>\n\t\t\t\t\t\t\t\t\t<\/li>\n\t\t\t\t\t\t\t\t<li class=\"elementor-icon-list-item\">\n\t\t\t\t\t\t\t\t\t\t\t<a href=\"https:\/\/autoecole-parisouest.com\/wp-content\/uploads\/2023\/11\/6.Les-modes-de-financement.pdf\">\n\n\t\t\t\t\t\t\t\t\t\t\t\t<span class=\"elementor-icon-list-icon\">\n\t\t\t\t\t\t\t<svg xmlns=\"http:\/\/www.w3.org\/2000\/svg\" width=\"800px\" height=\"800px\" viewBox=\"0 0 56 64\" xml:space=\"preserve\"><g>\t<path fill=\"#8C181A\" d=\"M5.1,0C2.3,0,0,2.3,0,5.1v53.8C0,61.7,2.3,64,5.1,64h45.8c2.8,0,5.1-2.3,5.1-5.1V20.3L37.1,0H5.1z\"><\/path>\t<path fill=\"#6B0D12\" d=\"M56,20.4v1H43.2c0,0-6.3-1.3-6.1-6.7c0,0,0.2,5.7,6,5.7H56z\"><\/path>\t<path opacity=\"0.5\" fill=\"#FFFFFF\" d=\"M37.1,0v14.6c0,1.7,1.1,5.8,6.1,5.8H56L37.1,0z\"><\/path><\/g><path fill=\"#FFFFFF\" d=\"M14.9,49h-3.3v4.1c0,0.4-0.3,0.7-0.8,0.7c-0.4,0-0.7-0.3-0.7-0.7V42.9c0-0.6,0.5-1.1,1.1-1.1h3.7 c2.4,0,3.8,1.7,3.8,3.6C18.7,47.4,17.3,49,14.9,49z M14.8,43.1h-3.2v4.6h3.2c1.4,0,2.4-0.9,2.4-2.3C17.2,44,16.2,43.1,14.8,43.1z  M25.2,53.8h-3c-0.6,0-1.1-0.5-1.1-1.1v-9.8c0-0.6,0.5-1.1,1.1-1.1h3c3.7,0,6.2,2.6,6.2,6C31.4,51.2,29,53.8,25.2,53.8z M25.2,43.1 h-2.6v9.3h2.6c2.9,0,4.6-2.1,4.6-4.7C29.9,45.2,28.2,43.1,25.2,43.1z M41.5,43.1h-5.8V47h5.7c0.4,0,0.6,0.3,0.6,0.7 s-0.3,0.6-0.6,0.6h-5.7v4.8c0,0.4-0.3,0.7-0.8,0.7c-0.4,0-0.7-0.3-0.7-0.7V42.9c0-0.6,0.5-1.1,1.1-1.1h6.2c0.4,0,0.6,0.3,0.6,0.7 C42.2,42.8,41.9,43.1,41.5,43.1z\"><\/path><\/svg>\t\t\t\t\t\t<\/span>\n\t\t\t\t\t\t\t\t\t\t<span class=\"elementor-icon-list-text\">Les modes de financement<\/span>\n\t\t\t\t\t\t\t\t\t\t\t<\/a>\n\t\t\t\t\t\t\t\t\t<\/li>\n\t\t\t\t\t\t\t\t<li class=\"elementor-icon-list-item\">\n\t\t\t\t\t\t\t\t\t\t\t<a href=\"https:\/\/autoecole-parisouest.com\/wp-content\/uploads\/2023\/11\/7.Evaluation-de-depart.pdf\">\n\n\t\t\t\t\t\t\t\t\t\t\t\t<span class=\"elementor-icon-list-icon\">\n\t\t\t\t\t\t\t<svg xmlns=\"http:\/\/www.w3.org\/2000\/svg\" width=\"800px\" height=\"800px\" viewBox=\"0 0 56 64\" xml:space=\"preserve\"><g>\t<path fill=\"#8C181A\" d=\"M5.1,0C2.3,0,0,2.3,0,5.1v53.8C0,61.7,2.3,64,5.1,64h45.8c2.8,0,5.1-2.3,5.1-5.1V20.3L37.1,0H5.1z\"><\/path>\t<path fill=\"#6B0D12\" d=\"M56,20.4v1H43.2c0,0-6.3-1.3-6.1-6.7c0,0,0.2,5.7,6,5.7H56z\"><\/path>\t<path opacity=\"0.5\" fill=\"#FFFFFF\" d=\"M37.1,0v14.6c0,1.7,1.1,5.8,6.1,5.8H56L37.1,0z\"><\/path><\/g><path fill=\"#FFFFFF\" d=\"M14.9,49h-3.3v4.1c0,0.4-0.3,0.7-0.8,0.7c-0.4,0-0.7-0.3-0.7-0.7V42.9c0-0.6,0.5-1.1,1.1-1.1h3.7 c2.4,0,3.8,1.7,3.8,3.6C18.7,47.4,17.3,49,14.9,49z M14.8,43.1h-3.2v4.6h3.2c1.4,0,2.4-0.9,2.4-2.3C17.2,44,16.2,43.1,14.8,43.1z  M25.2,53.8h-3c-0.6,0-1.1-0.5-1.1-1.1v-9.8c0-0.6,0.5-1.1,1.1-1.1h3c3.7,0,6.2,2.6,6.2,6C31.4,51.2,29,53.8,25.2,53.8z M25.2,43.1 h-2.6v9.3h2.6c2.9,0,4.6-2.1,4.6-4.7C29.9,45.2,28.2,43.1,25.2,43.1z M41.5,43.1h-5.8V47h5.7c0.4,0,0.6,0.3,0.6,0.7 s-0.3,0.6-0.6,0.6h-5.7v4.8c0,0.4-0.3,0.7-0.8,0.7c-0.4,0-0.7-0.3-0.7-0.7V42.9c0-0.6,0.5-1.1,1.1-1.1h6.2c0.4,0,0.6,0.3,0.6,0.7 C42.2,42.8,41.9,43.1,41.5,43.1z\"><\/path><\/svg>\t\t\t\t\t\t<\/span>\n\t\t\t\t\t\t\t\t\t\t<span class=\"elementor-icon-list-text\">Le proce\u0301de\u0301 d\u2019e\u0301valuation<\/span>\n\t\t\t\t\t\t\t\t\t\t\t<\/a>\n\t\t\t\t\t\t\t\t\t<\/li>\n\t\t\t\t\t\t\t\t<li class=\"elementor-icon-list-item\">\n\t\t\t\t\t\t\t\t\t\t\t<a href=\"https:\/\/autoecole-parisouest.com\/wp-content\/uploads\/2024\/11\/8.Le-procede-de-positionnement-.pdf\">\n\n\t\t\t\t\t\t\t\t\t\t\t\t<span class=\"elementor-icon-list-icon\">\n\t\t\t\t\t\t\t<svg xmlns=\"http:\/\/www.w3.org\/2000\/svg\" width=\"800px\" height=\"800px\" viewBox=\"0 0 56 64\" xml:space=\"preserve\"><g>\t<path fill=\"#8C181A\" d=\"M5.1,0C2.3,0,0,2.3,0,5.1v53.8C0,61.7,2.3,64,5.1,64h45.8c2.8,0,5.1-2.3,5.1-5.1V20.3L37.1,0H5.1z\"><\/path>\t<path fill=\"#6B0D12\" d=\"M56,20.4v1H43.2c0,0-6.3-1.3-6.1-6.7c0,0,0.2,5.7,6,5.7H56z\"><\/path>\t<path opacity=\"0.5\" fill=\"#FFFFFF\" d=\"M37.1,0v14.6c0,1.7,1.1,5.8,6.1,5.8H56L37.1,0z\"><\/path><\/g><path fill=\"#FFFFFF\" d=\"M14.9,49h-3.3v4.1c0,0.4-0.3,0.7-0.8,0.7c-0.4,0-0.7-0.3-0.7-0.7V42.9c0-0.6,0.5-1.1,1.1-1.1h3.7 c2.4,0,3.8,1.7,3.8,3.6C18.7,47.4,17.3,49,14.9,49z M14.8,43.1h-3.2v4.6h3.2c1.4,0,2.4-0.9,2.4-2.3C17.2,44,16.2,43.1,14.8,43.1z  M25.2,53.8h-3c-0.6,0-1.1-0.5-1.1-1.1v-9.8c0-0.6,0.5-1.1,1.1-1.1h3c3.7,0,6.2,2.6,6.2,6C31.4,51.2,29,53.8,25.2,53.8z M25.2,43.1 h-2.6v9.3h2.6c2.9,0,4.6-2.1,4.6-4.7C29.9,45.2,28.2,43.1,25.2,43.1z M41.5,43.1h-5.8V47h5.7c0.4,0,0.6,0.3,0.6,0.7 s-0.3,0.6-0.6,0.6h-5.7v4.8c0,0.4-0.3,0.7-0.8,0.7c-0.4,0-0.7-0.3-0.7-0.7V42.9c0-0.6,0.5-1.1,1.1-1.1h6.2c0.4,0,0.6,0.3,0.6,0.7 C42.2,42.8,41.9,43.1,41.5,43.1z\"><\/path><\/svg>\t\t\t\t\t\t<\/span>\n\t\t\t\t\t\t\t\t\t\t<span class=\"elementor-icon-list-text\">Le proc\u00e9d\u00e9 de positionnement <\/span>\n\t\t\t\t\t\t\t\t\t\t\t<\/a>\n\t\t\t\t\t\t\t\t\t<\/li>\n\t\t\t\t\t\t\t\t<li class=\"elementor-icon-list-item\">\n\t\t\t\t\t\t\t\t\t\t\t<a href=\"https:\/\/autoecole-parisouest.com\/wp-content\/uploads\/2024\/11\/9.Les-modalites-de-la-prise-en-compte-du-handicap.pdf\">\n\n\t\t\t\t\t\t\t\t\t\t\t\t<span class=\"elementor-icon-list-icon\">\n\t\t\t\t\t\t\t<svg xmlns=\"http:\/\/www.w3.org\/2000\/svg\" width=\"800px\" height=\"800px\" viewBox=\"0 0 56 64\" xml:space=\"preserve\"><g>\t<path fill=\"#8C181A\" d=\"M5.1,0C2.3,0,0,2.3,0,5.1v53.8C0,61.7,2.3,64,5.1,64h45.8c2.8,0,5.1-2.3,5.1-5.1V20.3L37.1,0H5.1z\"><\/path>\t<path fill=\"#6B0D12\" d=\"M56,20.4v1H43.2c0,0-6.3-1.3-6.1-6.7c0,0,0.2,5.7,6,5.7H56z\"><\/path>\t<path opacity=\"0.5\" fill=\"#FFFFFF\" d=\"M37.1,0v14.6c0,1.7,1.1,5.8,6.1,5.8H56L37.1,0z\"><\/path><\/g><path fill=\"#FFFFFF\" d=\"M14.9,49h-3.3v4.1c0,0.4-0.3,0.7-0.8,0.7c-0.4,0-0.7-0.3-0.7-0.7V42.9c0-0.6,0.5-1.1,1.1-1.1h3.7 c2.4,0,3.8,1.7,3.8,3.6C18.7,47.4,17.3,49,14.9,49z M14.8,43.1h-3.2v4.6h3.2c1.4,0,2.4-0.9,2.4-2.3C17.2,44,16.2,43.1,14.8,43.1z  M25.2,53.8h-3c-0.6,0-1.1-0.5-1.1-1.1v-9.8c0-0.6,0.5-1.1,1.1-1.1h3c3.7,0,6.2,2.6,6.2,6C31.4,51.2,29,53.8,25.2,53.8z M25.2,43.1 h-2.6v9.3h2.6c2.9,0,4.6-2.1,4.6-4.7C29.9,45.2,28.2,43.1,25.2,43.1z M41.5,43.1h-5.8V47h5.7c0.4,0,0.6,0.3,0.6,0.7 s-0.3,0.6-0.6,0.6h-5.7v4.8c0,0.4-0.3,0.7-0.8,0.7c-0.4,0-0.7-0.3-0.7-0.7V42.9c0-0.6,0.5-1.1,1.1-1.1h6.2c0.4,0,0.6,0.3,0.6,0.7 C42.2,42.8,41.9,43.1,41.5,43.1z\"><\/path><\/svg>\t\t\t\t\t\t<\/span>\n\t\t\t\t\t\t\t\t\t\t<span class=\"elementor-icon-list-text\">Les modalite\u0301s de la prise en compte du handicap<\/span>\n\t\t\t\t\t\t\t\t\t\t\t<\/a>\n\t\t\t\t\t\t\t\t\t<\/li>\n\t\t\t\t\t\t\t\t<li class=\"elementor-icon-list-item\">\n\t\t\t\t\t\t\t\t\t\t\t<a href=\"https:\/\/autoecole-parisouest.com\/wp-content\/uploads\/2023\/11\/10.Parcours-de-formation.pdf\">\n\n\t\t\t\t\t\t\t\t\t\t\t\t<span class=\"elementor-icon-list-icon\">\n\t\t\t\t\t\t\t<svg xmlns=\"http:\/\/www.w3.org\/2000\/svg\" width=\"800px\" height=\"800px\" viewBox=\"0 0 56 64\" xml:space=\"preserve\"><g>\t<path fill=\"#8C181A\" d=\"M5.1,0C2.3,0,0,2.3,0,5.1v53.8C0,61.7,2.3,64,5.1,64h45.8c2.8,0,5.1-2.3,5.1-5.1V20.3L37.1,0H5.1z\"><\/path>\t<path fill=\"#6B0D12\" d=\"M56,20.4v1H43.2c0,0-6.3-1.3-6.1-6.7c0,0,0.2,5.7,6,5.7H56z\"><\/path>\t<path opacity=\"0.5\" fill=\"#FFFFFF\" d=\"M37.1,0v14.6c0,1.7,1.1,5.8,6.1,5.8H56L37.1,0z\"><\/path><\/g><path fill=\"#FFFFFF\" d=\"M14.9,49h-3.3v4.1c0,0.4-0.3,0.7-0.8,0.7c-0.4,0-0.7-0.3-0.7-0.7V42.9c0-0.6,0.5-1.1,1.1-1.1h3.7 c2.4,0,3.8,1.7,3.8,3.6C18.7,47.4,17.3,49,14.9,49z M14.8,43.1h-3.2v4.6h3.2c1.4,0,2.4-0.9,2.4-2.3C17.2,44,16.2,43.1,14.8,43.1z  M25.2,53.8h-3c-0.6,0-1.1-0.5-1.1-1.1v-9.8c0-0.6,0.5-1.1,1.1-1.1h3c3.7,0,6.2,2.6,6.2,6C31.4,51.2,29,53.8,25.2,53.8z M25.2,43.1 h-2.6v9.3h2.6c2.9,0,4.6-2.1,4.6-4.7C29.9,45.2,28.2,43.1,25.2,43.1z M41.5,43.1h-5.8V47h5.7c0.4,0,0.6,0.3,0.6,0.7 s-0.3,0.6-0.6,0.6h-5.7v4.8c0,0.4-0.3,0.7-0.8,0.7c-0.4,0-0.7-0.3-0.7-0.7V42.9c0-0.6,0.5-1.1,1.1-1.1h6.2c0.4,0,0.6,0.3,0.6,0.7 C42.2,42.8,41.9,43.1,41.5,43.1z\"><\/path><\/svg>\t\t\t\t\t\t<\/span>\n\t\t\t\t\t\t\t\t\t\t<span class=\"elementor-icon-list-text\">Parcours de formation<\/span>\n\t\t\t\t\t\t\t\t\t\t\t<\/a>\n\t\t\t\t\t\t\t\t\t<\/li>\n\t\t\t\t\t\t\t\t<li class=\"elementor-icon-list-item\">\n\t\t\t\t\t\t\t\t\t\t\t<a href=\"https:\/\/autoecole-parisouest.com\/wp-content\/uploads\/2023\/11\/9.Gestion-reclamations.pdf\">\n\n\t\t\t\t\t\t\t\t\t\t\t\t<span class=\"elementor-icon-list-icon\">\n\t\t\t\t\t\t\t<svg xmlns=\"http:\/\/www.w3.org\/2000\/svg\" width=\"800px\" height=\"800px\" viewBox=\"0 0 56 64\" xml:space=\"preserve\"><g>\t<path fill=\"#8C181A\" d=\"M5.1,0C2.3,0,0,2.3,0,5.1v53.8C0,61.7,2.3,64,5.1,64h45.8c2.8,0,5.1-2.3,5.1-5.1V20.3L37.1,0H5.1z\"><\/path>\t<path fill=\"#6B0D12\" d=\"M56,20.4v1H43.2c0,0-6.3-1.3-6.1-6.7c0,0,0.2,5.7,6,5.7H56z\"><\/path>\t<path opacity=\"0.5\" fill=\"#FFFFFF\" d=\"M37.1,0v14.6c0,1.7,1.1,5.8,6.1,5.8H56L37.1,0z\"><\/path><\/g><path fill=\"#FFFFFF\" d=\"M14.9,49h-3.3v4.1c0,0.4-0.3,0.7-0.8,0.7c-0.4,0-0.7-0.3-0.7-0.7V42.9c0-0.6,0.5-1.1,1.1-1.1h3.7 c2.4,0,3.8,1.7,3.8,3.6C18.7,47.4,17.3,49,14.9,49z M14.8,43.1h-3.2v4.6h3.2c1.4,0,2.4-0.9,2.4-2.3C17.2,44,16.2,43.1,14.8,43.1z  M25.2,53.8h-3c-0.6,0-1.1-0.5-1.1-1.1v-9.8c0-0.6,0.5-1.1,1.1-1.1h3c3.7,0,6.2,2.6,6.2,6C31.4,51.2,29,53.8,25.2,53.8z M25.2,43.1 h-2.6v9.3h2.6c2.9,0,4.6-2.1,4.6-4.7C29.9,45.2,28.2,43.1,25.2,43.1z M41.5,43.1h-5.8V47h5.7c0.4,0,0.6,0.3,0.6,0.7 s-0.3,0.6-0.6,0.6h-5.7v4.8c0,0.4-0.3,0.7-0.8,0.7c-0.4,0-0.7-0.3-0.7-0.7V42.9c0-0.6,0.5-1.1,1.1-1.1h6.2c0.4,0,0.6,0.3,0.6,0.7 C42.2,42.8,41.9,43.1,41.5,43.1z\"><\/path><\/svg>\t\t\t\t\t\t<\/span>\n\t\t\t\t\t\t\t\t\t\t<span class=\"elementor-icon-list-text\">Gestion reclamations<\/span>\n\t\t\t\t\t\t\t\t\t\t\t<\/a>\n\t\t\t\t\t\t\t\t\t<\/li>\n\t\t\t\t\t\t\t\t<li class=\"elementor-icon-list-item\">\n\t\t\t\t\t\t\t\t\t\t\t<a href=\"https:\/\/autoecole-parisouest.com\/wp-content\/uploads\/2023\/11\/REMC.pdf\">\n\n\t\t\t\t\t\t\t\t\t\t\t\t<span class=\"elementor-icon-list-icon\">\n\t\t\t\t\t\t\t<svg xmlns=\"http:\/\/www.w3.org\/2000\/svg\" width=\"800px\" height=\"800px\" viewBox=\"0 0 56 64\" xml:space=\"preserve\"><g>\t<path fill=\"#8C181A\" d=\"M5.1,0C2.3,0,0,2.3,0,5.1v53.8C0,61.7,2.3,64,5.1,64h45.8c2.8,0,5.1-2.3,5.1-5.1V20.3L37.1,0H5.1z\"><\/path>\t<path fill=\"#6B0D12\" d=\"M56,20.4v1H43.2c0,0-6.3-1.3-6.1-6.7c0,0,0.2,5.7,6,5.7H56z\"><\/path>\t<path opacity=\"0.5\" fill=\"#FFFFFF\" d=\"M37.1,0v14.6c0,1.7,1.1,5.8,6.1,5.8H56L37.1,0z\"><\/path><\/g><path fill=\"#FFFFFF\" d=\"M14.9,49h-3.3v4.1c0,0.4-0.3,0.7-0.8,0.7c-0.4,0-0.7-0.3-0.7-0.7V42.9c0-0.6,0.5-1.1,1.1-1.1h3.7 c2.4,0,3.8,1.7,3.8,3.6C18.7,47.4,17.3,49,14.9,49z M14.8,43.1h-3.2v4.6h3.2c1.4,0,2.4-0.9,2.4-2.3C17.2,44,16.2,43.1,14.8,43.1z  M25.2,53.8h-3c-0.6,0-1.1-0.5-1.1-1.1v-9.8c0-0.6,0.5-1.1,1.1-1.1h3c3.7,0,6.2,2.6,6.2,6C31.4,51.2,29,53.8,25.2,53.8z M25.2,43.1 h-2.6v9.3h2.6c2.9,0,4.6-2.1,4.6-4.7C29.9,45.2,28.2,43.1,25.2,43.1z M41.5,43.1h-5.8V47h5.7c0.4,0,0.6,0.3,0.6,0.7 s-0.3,0.6-0.6,0.6h-5.7v4.8c0,0.4-0.3,0.7-0.8,0.7c-0.4,0-0.7-0.3-0.7-0.7V42.9c0-0.6,0.5-1.1,1.1-1.1h6.2c0.4,0,0.6,0.3,0.6,0.7 C42.2,42.8,41.9,43.1,41.5,43.1z\"><\/path><\/svg>\t\t\t\t\t\t<\/span>\n\t\t\t\t\t\t\t\t\t\t<span class=\"elementor-icon-list-text\">REMC<\/span>\n\t\t\t\t\t\t\t\t\t\t\t<\/a>\n\t\t\t\t\t\t\t\t\t<\/li>\n\t\t\t\t\t\t<\/ul>\n\t\t\t\t<\/div>\n\t\t\t\t<\/div>\n\t\t\t\t\t\t<\/div>\n\t\t\t\t\t<\/div>\n\t\t<\/div>\n\t\t\t\t\t\t\t\t<\/div>\n\t\t\t\t\t<\/div>\n\t\t<\/section>\n\t\t\t\t\t\t\t\t\t<\/div>\n\t\t\t<\/div>\n\t\t\t\t\t<\/div>\n\t\t","protected":false},"excerpt":{"rendered":"<p>D\u00e9marche qualit\u00e9 Les enjeux de la formation R\u00e8glement int\u00e9rieur Nos engagements Le RDV post-permis L\u2019apprentissage anticipe\u0301 de la conduite La conduite supervise\u0301e Les modes de financement Le proce\u0301de\u0301 d\u2019e\u0301valuation Le proc\u00e9d\u00e9 de positionnement Les modalite\u0301s de la prise en compte &hellip;<\/p>\n<p class=\"read-more\"> <a class=\"more-link\" href=\"https:\/\/autoecole-parisouest.com\/index.php\/label\/\"> <span class=\"screen-reader-text\">D\u00e9marche Qualit\u00e9<\/span> Read More &raquo;<\/a><\/p>\n","protected":false},"author":1,"featured_media":0,"parent":0,"menu_order":0,"comment_status":"closed","ping_status":"closed","template":"elementor_header_footer","meta":{"footnotes":""},"class_list":["post-880","page","type-page","status-publish","hentry"],"_links":{"self":[{"href":"https:\/\/autoecole-parisouest.com\/index.php\/wp-json\/wp\/v2\/pages\/880","targetHints":{"allow":["GET"]}}],"collection":[{"href":"https:\/\/autoecole-parisouest.com\/index.php\/wp-json\/wp\/v2\/pages"}],"about":[{"href":"https:\/\/autoecole-parisouest.com\/index.php\/wp-json\/wp\/v2\/types\/page"}],"author":[{"embeddable":true,"href":"https:\/\/autoecole-parisouest.com\/index.php\/wp-json\/wp\/v2\/users\/1"}],"replies":[{"embeddable":true,"href":"https:\/\/autoecole-parisouest.com\/index.php\/wp-json\/wp\/v2\/comments?post=880"}],"version-history":[{"count":222,"href":"https:\/\/autoecole-parisouest.com\/index.php\/wp-json\/wp\/v2\/pages\/880\/revisions"}],"predecessor-version":[{"id":1752,"href":"https:\/\/autoecole-parisouest.com\/index.php\/wp-json\/wp\/v2\/pages\/880\/revisions\/1752"}],"wp:attachment":[{"href":"https:\/\/autoecole-parisouest.com\/index.php\/wp-json\/wp\/v2\/media?parent=880"}],"curies":[{"name":"wp","href":"https:\/\/api.w.org\/{rel}","templated":true}]}}